{"id":3932,"date":"2024-09-17T14:47:48","date_gmt":"2024-09-17T14:47:48","guid":{"rendered":"https:\/\/www.eyesoft.fr\/orthoptiste-ophtalmologue\/"},"modified":"2025-08-27T15:33:32","modified_gmt":"2025-08-27T15:33:32","slug":"orthoptiste-ophtalmologue","status":"publish","type":"page","link":"https:\/\/www.eyesoft.fr\/en\/orthoptiste-ophtalmologue\/","title":{"rendered":"I am an orthoptist | ophthalmologist"},"content":{"rendered":"\n\n<section class=\"logiciels-container blue-bkg \">\n    <div class=\"logiciels-wrapper\">\n        <div class=\"logiciels-content\">\n                    <h1 style=\"text-align: center;\"><span class=\"fw-500\" style=\"color: #43a193; font-family: Inter; font-size: 16px;\">\u2731 Our solutions<\/span><\/h1>\n<h2 style=\"text-align: center;\"><span class=\"fw-400\" style=\"font-family: Inter; font-size: 30px;\">I am an orthoptist or ophthalmologist<\/span><\/h2>\n<p style=\"text-align: center;\"><span style=\"font-family: Inter; font-size: 18px;\">EYESOFT\u2019s innovative solutions let you perform precise analyses for both orthoptic rehabilitation and visual field testing. These solutions combine the power of virtual reality with that of eye tracking for unique applications.<br \/>\n<\/span><\/p>\n                <\/div>\n        <div class=\"logiciels-svg-wrapper\">\n            <div class=\"logiciels-svg-1\"><\/div>\n            <div class=\"logiciels-svg-2\"><\/div>\n            <div class=\"logiciels-svg-3\"><\/div>\n        <\/div>\n    <\/div>\n    <div class=\"logiciels-wrapper\">\n                    <a href=\"https:\/\/www.eyesoft.fr\/en\/logiciels\/emaa-pro2\/\" class=\"logiciels-item\">\n                <div class=\"logiciels-item-infos\">\n                    <h3>EMAA Pro2<\/h3>\n                    <p><span style=\"font-family: Inter; font-size: 16px;\">In a unique <strong>3D environment<\/strong>, your patients benefit from personalized orthoptic assessment and rehabilitation.<br \/>\n<\/span><\/p>\n<p><span style=\"font-family: Inter; font-size: 16px;\">A wide range of customizable exercises to combine and create tailored sessions.<br \/>\n<\/span><\/p>\n                    <p class=\"logiciels-item-link\">Discover EMAA Pro2<\/p>\n                <\/div>\n                <span class=\"logiciels-item-card-bkg-1\"><\/span>\n                <span class=\"logiciels-item-card-bkg-2\"><\/span>\n                <span class=\"logiciels-item-card-bkg-3\"><\/span>\n                <span class=\"logiciels-item-card-bkg-4\"><\/span>\n                <div class=\"logiciels-item-card-btn\"><\/div>\n            <\/a>\n                        <a href=\"https:\/\/www.eyesoft.fr\/en\/logiciels\/emaa-home\/\" class=\"logiciels-item\">\n                <div class=\"logiciels-item-infos\">\n                    <h3>EMAA Home<\/h3>\n                    <p><span style=\"font-family: Inter; font-size: 16px;\">Flexible, personalized remote rehabilitation for patients.<\/span><\/p>\n<p><span style=\"font-family: Inter; font-size: 16px;\"><strong>Thanks to the virtual reality headset<\/strong>, tests are remotely supervised for orthoptic rehabilitation sessions at home.<br \/>\n<\/span><\/p>\n                    <p class=\"logiciels-item-link\">Discover EMAA Home<\/p>\n                <\/div>\n                <span class=\"logiciels-item-card-bkg-1\"><\/span>\n                <span class=\"logiciels-item-card-bkg-2\"><\/span>\n                <span class=\"logiciels-item-card-bkg-3\"><\/span>\n                <span class=\"logiciels-item-card-bkg-4\"><\/span>\n                <div class=\"logiciels-item-card-btn\"><\/div>\n            <\/a>\n                <\/div> \n<\/section>","protected":false},"excerpt":{"rendered":"","protected":false},"author":1,"featured_media":3870,"parent":0,"menu_order":18,"comment_status":"closed","ping_status":"closed","template":"","meta":{"_acf_changed":false,"content-type":"","footnotes":""},"class_list":["post-3932","page","type-page","status-publish","has-post-thumbnail","hentry"],"acf":[],"yoast_head":"<!-- This site is optimized with the Yoast SEO plugin v27.5 - https:\/\/yoast.com\/product\/yoast-seo-wordpress\/ -->\n<title>Solutions pour orthoptiste &amp; ophtalmologue | Eyesoft<\/title>\n<meta name=\"description\" content=\"Solutions d\u2019\u00e9valuation et r\u00e9\u00e9ducation orthoptique en VR. D\u00e9couvrez la pr\u00e9cision de l\u2019eye-tracking associ\u00e9e \u00e0 la puissance de la r\u00e9alit\u00e9 virtuelle.\" \/>\n<meta name=\"robots\" content=\"index, follow, max-snippet:-1, max-image-preview:large, max-video-preview:-1\" \/>\n<link rel=\"canonical\" href=\"https:\/\/www.eyesoft.fr\/en\/orthoptiste-ophtalmologue\/\" \/>\n<meta property=\"og:locale\" content=\"en_US\" \/>\n<meta property=\"og:type\" content=\"article\" \/>\n<meta property=\"og:title\" content=\"Solutions pour orthoptiste &amp; ophtalmologue | Eyesoft\" \/>\n<meta property=\"og:description\" content=\"Solutions d\u2019\u00e9valuation et r\u00e9\u00e9ducation orthoptique en VR. D\u00e9couvrez la pr\u00e9cision de l\u2019eye-tracking associ\u00e9e \u00e0 la puissance de la r\u00e9alit\u00e9 virtuelle.\" \/>\n<meta property=\"og:url\" content=\"https:\/\/www.eyesoft.fr\/en\/orthoptiste-ophtalmologue\/\" \/>\n<meta property=\"og:site_name\" content=\"Eyesoft\" \/>\n<meta property=\"article:modified_time\" content=\"2025-08-27T15:33:32+00:00\" \/>\n<meta property=\"og:image\" content=\"https:\/\/www.eyesoft.fr\/wp-content\/uploads\/Frame-48835-2-e1736933177163.jpg\" \/>\n\t<meta property=\"og:image:width\" content=\"1336\" \/>\n\t<meta property=\"og:image:height\" content=\"675\" \/>\n\t<meta property=\"og:image:type\" content=\"image\/jpeg\" \/>\n<meta name=\"twitter:card\" content=\"summary_large_image\" \/>\n<meta name=\"twitter:label1\" content=\"Est. reading time\" \/>\n\t<meta name=\"twitter:data1\" content=\"1 minute\" \/>\n<script type=\"application\/ld+json\" class=\"yoast-schema-graph\">{\"@context\":\"https:\\\/\\\/schema.org\",\"@graph\":[{\"@type\":\"WebPage\",\"@id\":\"https:\\\/\\\/www.eyesoft.fr\\\/en\\\/orthoptiste-ophtalmologue\\\/\",\"url\":\"https:\\\/\\\/www.eyesoft.fr\\\/en\\\/orthoptiste-ophtalmologue\\\/\",\"name\":\"Solutions pour orthoptiste & ophtalmologue | Eyesoft\",\"isPartOf\":{\"@id\":\"https:\\\/\\\/www.eyesoft.fr\\\/en\\\/#website\"},\"primaryImageOfPage\":{\"@id\":\"https:\\\/\\\/www.eyesoft.fr\\\/en\\\/orthoptiste-ophtalmologue\\\/#primaryimage\"},\"image\":{\"@id\":\"https:\\\/\\\/www.eyesoft.fr\\\/en\\\/orthoptiste-ophtalmologue\\\/#primaryimage\"},\"thumbnailUrl\":\"https:\\\/\\\/www.eyesoft.fr\\\/wp-content\\\/uploads\\\/Frame-48835-2-e1736933177163.jpg\",\"datePublished\":\"2024-09-17T14:47:48+00:00\",\"dateModified\":\"2025-08-27T15:33:32+00:00\",\"description\":\"Solutions d\u2019\u00e9valuation et r\u00e9\u00e9ducation orthoptique en VR. D\u00e9couvrez la pr\u00e9cision de l\u2019eye-tracking associ\u00e9e \u00e0 la puissance de la r\u00e9alit\u00e9 virtuelle.\",\"breadcrumb\":{\"@id\":\"https:\\\/\\\/www.eyesoft.fr\\\/en\\\/orthoptiste-ophtalmologue\\\/#breadcrumb\"},\"inLanguage\":\"en-US\",\"potentialAction\":[{\"@type\":\"ReadAction\",\"target\":[\"https:\\\/\\\/www.eyesoft.fr\\\/en\\\/orthoptiste-ophtalmologue\\\/\"]}]},{\"@type\":\"ImageObject\",\"inLanguage\":\"en-US\",\"@id\":\"https:\\\/\\\/www.eyesoft.fr\\\/en\\\/orthoptiste-ophtalmologue\\\/#primaryimage\",\"url\":\"https:\\\/\\\/www.eyesoft.fr\\\/wp-content\\\/uploads\\\/Frame-48835-2-e1736933177163.jpg\",\"contentUrl\":\"https:\\\/\\\/www.eyesoft.fr\\\/wp-content\\\/uploads\\\/Frame-48835-2-e1736933177163.jpg\",\"width\":1336,\"height\":675},{\"@type\":\"BreadcrumbList\",\"@id\":\"https:\\\/\\\/www.eyesoft.fr\\\/en\\\/orthoptiste-ophtalmologue\\\/#breadcrumb\",\"itemListElement\":[{\"@type\":\"ListItem\",\"position\":1,\"name\":\"Accueil\",\"item\":\"https:\\\/\\\/www.eyesoft.fr\\\/en\\\/\"},{\"@type\":\"ListItem\",\"position\":2,\"name\":\"I am an orthoptist | ophthalmologist\"}]},{\"@type\":\"WebSite\",\"@id\":\"https:\\\/\\\/www.eyesoft.fr\\\/en\\\/#website\",\"url\":\"https:\\\/\\\/www.eyesoft.fr\\\/en\\\/\",\"name\":\"Eyesoft\",\"description\":\"\",\"potentialAction\":[{\"@type\":\"SearchAction\",\"target\":{\"@type\":\"EntryPoint\",\"urlTemplate\":\"https:\\\/\\\/www.eyesoft.fr\\\/en\\\/?s={search_term_string}\"},\"query-input\":{\"@type\":\"PropertyValueSpecification\",\"valueRequired\":true,\"valueName\":\"search_term_string\"}}],\"inLanguage\":\"en-US\"}]}<\/script>\n<!-- \/ Yoast SEO plugin. -->","yoast_head_json":{"title":"Solutions pour orthoptiste & ophtalmologue | Eyesoft","description":"Solutions d\u2019\u00e9valuation et r\u00e9\u00e9ducation orthoptique en VR. D\u00e9couvrez la pr\u00e9cision de l\u2019eye-tracking associ\u00e9e \u00e0 la puissance de la r\u00e9alit\u00e9 virtuelle.","robots":{"index":"index","follow":"follow","max-snippet":"max-snippet:-1","max-image-preview":"max-image-preview:large","max-video-preview":"max-video-preview:-1"},"canonical":"https:\/\/www.eyesoft.fr\/en\/orthoptiste-ophtalmologue\/","og_locale":"en_US","og_type":"article","og_title":"Solutions pour orthoptiste & ophtalmologue | Eyesoft","og_description":"Solutions d\u2019\u00e9valuation et r\u00e9\u00e9ducation orthoptique en VR. D\u00e9couvrez la pr\u00e9cision de l\u2019eye-tracking associ\u00e9e \u00e0 la puissance de la r\u00e9alit\u00e9 virtuelle.","og_url":"https:\/\/www.eyesoft.fr\/en\/orthoptiste-ophtalmologue\/","og_site_name":"Eyesoft","article_modified_time":"2025-08-27T15:33:32+00:00","og_image":[{"width":1336,"height":675,"url":"https:\/\/www.eyesoft.fr\/wp-content\/uploads\/Frame-48835-2-e1736933177163.jpg","type":"image\/jpeg"}],"twitter_card":"summary_large_image","twitter_misc":{"Est. reading time":"1 minute"},"schema":{"@context":"https:\/\/schema.org","@graph":[{"@type":"WebPage","@id":"https:\/\/www.eyesoft.fr\/en\/orthoptiste-ophtalmologue\/","url":"https:\/\/www.eyesoft.fr\/en\/orthoptiste-ophtalmologue\/","name":"Solutions pour orthoptiste & ophtalmologue | Eyesoft","isPartOf":{"@id":"https:\/\/www.eyesoft.fr\/en\/#website"},"primaryImageOfPage":{"@id":"https:\/\/www.eyesoft.fr\/en\/orthoptiste-ophtalmologue\/#primaryimage"},"image":{"@id":"https:\/\/www.eyesoft.fr\/en\/orthoptiste-ophtalmologue\/#primaryimage"},"thumbnailUrl":"https:\/\/www.eyesoft.fr\/wp-content\/uploads\/Frame-48835-2-e1736933177163.jpg","datePublished":"2024-09-17T14:47:48+00:00","dateModified":"2025-08-27T15:33:32+00:00","description":"Solutions d\u2019\u00e9valuation et r\u00e9\u00e9ducation orthoptique en VR. D\u00e9couvrez la pr\u00e9cision de l\u2019eye-tracking associ\u00e9e \u00e0 la puissance de la r\u00e9alit\u00e9 virtuelle.","breadcrumb":{"@id":"https:\/\/www.eyesoft.fr\/en\/orthoptiste-ophtalmologue\/#breadcrumb"},"inLanguage":"en-US","potentialAction":[{"@type":"ReadAction","target":["https:\/\/www.eyesoft.fr\/en\/orthoptiste-ophtalmologue\/"]}]},{"@type":"ImageObject","inLanguage":"en-US","@id":"https:\/\/www.eyesoft.fr\/en\/orthoptiste-ophtalmologue\/#primaryimage","url":"https:\/\/www.eyesoft.fr\/wp-content\/uploads\/Frame-48835-2-e1736933177163.jpg","contentUrl":"https:\/\/www.eyesoft.fr\/wp-content\/uploads\/Frame-48835-2-e1736933177163.jpg","width":1336,"height":675},{"@type":"BreadcrumbList","@id":"https:\/\/www.eyesoft.fr\/en\/orthoptiste-ophtalmologue\/#breadcrumb","itemListElement":[{"@type":"ListItem","position":1,"name":"Accueil","item":"https:\/\/www.eyesoft.fr\/en\/"},{"@type":"ListItem","position":2,"name":"I am an orthoptist | ophthalmologist"}]},{"@type":"WebSite","@id":"https:\/\/www.eyesoft.fr\/en\/#website","url":"https:\/\/www.eyesoft.fr\/en\/","name":"Eyesoft","description":"","potentialAction":[{"@type":"SearchAction","target":{"@type":"EntryPoint","urlTemplate":"https:\/\/www.eyesoft.fr\/en\/?s={search_term_string}"},"query-input":{"@type":"PropertyValueSpecification","valueRequired":true,"valueName":"search_term_string"}}],"inLanguage":"en-US"}]}},"_links":{"self":[{"href":"https:\/\/www.eyesoft.fr\/en\/wp-json\/wp\/v2\/pages\/3932","targetHints":{"allow":["GET"]}}],"collection":[{"href":"https:\/\/www.eyesoft.fr\/en\/wp-json\/wp\/v2\/pages"}],"about":[{"href":"https:\/\/www.eyesoft.fr\/en\/wp-json\/wp\/v2\/types\/page"}],"author":[{"embeddable":true,"href":"https:\/\/www.eyesoft.fr\/en\/wp-json\/wp\/v2\/users\/1"}],"replies":[{"embeddable":true,"href":"https:\/\/www.eyesoft.fr\/en\/wp-json\/wp\/v2\/comments?post=3932"}],"version-history":[{"count":4,"href":"https:\/\/www.eyesoft.fr\/en\/wp-json\/wp\/v2\/pages\/3932\/revisions"}],"predecessor-version":[{"id":4152,"href":"https:\/\/www.eyesoft.fr\/en\/wp-json\/wp\/v2\/pages\/3932\/revisions\/4152"}],"wp:featuredmedia":[{"embeddable":true,"href":"https:\/\/www.eyesoft.fr\/en\/wp-json\/wp\/v2\/media\/3870"}],"wp:attachment":[{"href":"https:\/\/www.eyesoft.fr\/en\/wp-json\/wp\/v2\/media?parent=3932"}],"curies":[{"name":"wp","href":"https:\/\/api.w.org\/{rel}","templated":true}]}}